{"id":1712,"date":"2025-06-12T16:52:10","date_gmt":"2025-06-12T16:52:10","guid":{"rendered":"https:\/\/ocean-tickets.com\/?page_id=1712"},"modified":"2025-12-30T16:32:47","modified_gmt":"2025-12-30T16:32:47","slug":"politica-de-privacidad-y-cookies","status":"publish","type":"page","link":"https:\/\/ocean-tickets.com\/es\/privacy-and-cookies-policy\/","title":{"rendered":"Pol\u00edtica de privacidad y cookies"},"content":{"rendered":"<div data-elementor-type=\"wp-page\" data-elementor-id=\"1712\" class=\"elementor elementor-1712\">\n\t\t\t\t<div class=\"elementor-element elementor-element-9a5ec27 e-flex e-con-boxed e-con e-parent\" data-id=\"9a5ec27\" data-element_type=\"container\" data-e-type=\"container\">\n\t\t\t\t\t<div class=\"e-con-inner\">\n\t\t\t\t<div class=\"elementor-element elementor-element-1e5b493 elementor-widget elementor-widget-heading\" data-id=\"1e5b493\" data-element_type=\"widget\" data-e-type=\"widget\" data-widget_type=\"heading.default\">\n\t\t\t\t<div class=\"elementor-widget-container\">\n\t\t\t\t\t<h2 class=\"elementor-heading-title elementor-size-default\">Pol\u00edtica de privacidad y cookies<\/h2>\t\t\t\t<\/div>\n\t\t\t\t<\/div>\n\t\t\t\t<div class=\"elementor-element elementor-element-7757879 elementor-widget elementor-widget-text-editor\" data-id=\"7757879\" data-element_type=\"widget\" data-e-type=\"widget\" data-widget_type=\"text-editor.default\">\n\t\t\t\t<div class=\"elementor-widget-container\">\n\t\t\t\t\t\t\t\t\t<section class=\"elementor-section elementor-top-section elementor-element elementor-element-50f7ab09 elementor-section-boxed elementor-section-height-default elementor-section-height-default\" data-id=\"50f7ab09\" data-element_type=\"section\"><div class=\"elementor-container elementor-column-gap-default\"><div class=\"elementor-column elementor-col-100 elementor-top-column elementor-element elementor-element-233eec8\" data-id=\"233eec8\" data-element_type=\"column\"><div class=\"elementor-widget-wrap elementor-element-populated\"><div class=\"elementor-element elementor-element-7a3e7525 elementor-widget elementor-widget-text-editor\" data-id=\"7a3e7525\" data-element_type=\"widget\" data-widget_type=\"text-editor.default\"><div class=\"elementor-widget-container\"><div><p class=\"has-text-align-justify\">Su privacidad es importante. La pol\u00edtica de privacidad y cookies del sitio web www.ocean-tickets.com respeta su privacidad en relaci\u00f3n con cualquier informaci\u00f3n que pueda recopilarse en el sitio web.<\/p><\/div><div><p class=\"has-text-align-justify\">S\u00f3lo se solicitan datos personales cuando son realmente necesarios para prestarle un servicio. Esta solicitud se realiza por medios justos y legales, con su conocimiento y consentimiento. Tambi\u00e9n le informamos de por qu\u00e9 se recoge esa informaci\u00f3n y c\u00f3mo se utilizar\u00e1.<\/p><\/div><div><p class=\"has-text-align-justify\">La informaci\u00f3n recopilada s\u00f3lo se conserva durante el tiempo necesario para prestar el servicio solicitado. Cuando se almacenan los datos, se protegen utilizando medios comercialmente aceptables para evitar p\u00e9rdidas y robos, as\u00ed como el acceso, la divulgaci\u00f3n, la copia, el uso o la modificaci\u00f3n no autorizados.<\/p><\/div><div><p class=\"has-text-align-justify\">La informaci\u00f3n personal identificable no se comparte p\u00fablicamente ni con terceros, excepto cuando lo exige la ley.<\/p><\/div><div><p class=\"has-text-align-justify\">Este sitio web puede contener enlaces a sitios web externos no gestionados por nosotros. Por favor, tenga en cuenta que el sitio web www.ocean-tickets.com no tiene control sobre el contenido y las pr\u00e1cticas de esos sitios web, y no puede aceptar responsabilidad por sus respectivas pol\u00edticas de privacidad.<\/p><\/div><div><p class=\"has-text-align-justify\">El usuario es libre de negarse a facilitar la informaci\u00f3n personal solicitada, entendiendo que algunos de los servicios deseados pueden no prestarse.<\/p><\/div><div><p class=\"has-text-align-justify\">El uso continuado de este sitio web se considerar\u00e1 una aceptaci\u00f3n de las pr\u00e1cticas en torno a la privacidad y la informaci\u00f3n personal. Si tiene alguna pregunta sobre c\u00f3mo se gestionan los datos de los usuarios y la informaci\u00f3n personal, o sobre nuestra pol\u00edtica de privacidad en general, le rogamos que responda a las siguientes preguntas<span class=\"apple-converted-space\">\u00a0<\/span>Contacte con nosotros en\u00a0<a href=\"mailto:info@ocean-tickets.com\">info@ocean-tickets.com<\/a>.<\/p><\/div><\/div><\/div><div class=\"elementor-element elementor-element-19d96164 elementor-widget elementor-widget-spacer\" data-id=\"19d96164\" data-element_type=\"widget\" data-widget_type=\"spacer.default\"><div class=\"elementor-widget-container\"><div class=\"elementor-spacer\"><div class=\"elementor-spacer-inner\">\u00a0<\/div><\/div><\/div><\/div><\/div><\/div><\/div><\/section><section class=\"elementor-section elementor-top-section elementor-element elementor-element-5de300a5 elementor-section-boxed elementor-section-height-default elementor-section-height-default\" data-id=\"5de300a5\" data-element_type=\"section\"><div class=\"elementor-container elementor-column-gap-default\"><div class=\"elementor-column elementor-col-100 elementor-top-column elementor-element elementor-element-5b4f3e09\" data-id=\"5b4f3e09\" data-element_type=\"column\"><div class=\"elementor-widget-wrap elementor-element-populated\"><div class=\"elementor-element elementor-element-73a9f8b3 elementor-widget elementor-widget-heading\" data-id=\"73a9f8b3\" data-element_type=\"widget\" data-widget_type=\"heading.default\"><div class=\"elementor-widget-container\"><h3 class=\"elementor-heading-title elementor-size-default\">Qu\u00e9 datos personales se recogen y por qu\u00e9<\/h3><\/div><\/div><\/div><\/div><\/div><\/section><section class=\"elementor-section elementor-top-section elementor-element elementor-element-5c942a2b elementor-section-boxed elementor-section-height-default elementor-section-height-default\" data-id=\"5c942a2b\" data-element_type=\"section\"><div class=\"elementor-container elementor-column-gap-default\"><div class=\"elementor-column elementor-col-100 elementor-top-column elementor-element elementor-element-2a940393\" data-id=\"2a940393\" data-element_type=\"column\"><div class=\"elementor-widget-wrap elementor-element-populated\"><div class=\"elementor-element elementor-element-2a014129 elementor-widget elementor-widget-text-editor\" data-id=\"2a014129\" data-element_type=\"widget\" data-widget_type=\"text-editor.default\"><div class=\"elementor-widget-container\"><p>Los datos personales no se crean \u00fanicamente por la interacci\u00f3n de los usuarios con el sitio web. Los datos personales se crean a trav\u00e9s de procesos t\u00e9cnicos como formularios de contacto, comentarios, cookies, datos anal\u00edticos y la incorporaci\u00f3n de terceros.<\/p><\/div><\/div><\/div><\/div><\/div><\/section>\t\t\t\t\t\t\t\t<\/div>\n\t\t\t\t<\/div>\n\t\t\t\t\t<\/div>\n\t\t\t\t<\/div>\n\t\t<div class=\"elementor-element elementor-element-bace529 e-flex e-con-boxed e-con e-parent\" data-id=\"bace529\" data-element_type=\"container\" data-e-type=\"container\">\n\t\t\t\t\t<div class=\"e-con-inner\">\n\t\t\t\t<div class=\"elementor-element elementor-element-3e9724e elementor-widget elementor-widget-text-editor\" data-id=\"3e9724e\" data-element_type=\"widget\" data-e-type=\"widget\" data-widget_type=\"text-editor.default\">\n\t\t\t\t<div class=\"elementor-widget-container\">\n\t\t\t\t\t\t\t\t\t<section class=\"elementor-section elementor-top-section elementor-element elementor-element-5de300a5 elementor-section-boxed elementor-section-height-default elementor-section-height-default\" data-id=\"5de300a5\" data-element_type=\"section\"><div class=\"elementor-container elementor-column-gap-default\"><div class=\"elementor-column elementor-col-100 elementor-top-column elementor-element elementor-element-5b4f3e09\" data-id=\"5b4f3e09\" data-element_type=\"column\"><div class=\"elementor-widget-wrap elementor-element-populated\"><div class=\"elementor-element elementor-element-73a9f8b3 elementor-widget elementor-widget-heading\" data-id=\"73a9f8b3\" data-element_type=\"widget\" data-widget_type=\"heading.default\"><div class=\"elementor-widget-container\"><h3 class=\"elementor-heading-title elementor-size-default\">Pol\u00edtica de cookies<\/h3><\/div><\/div><\/div><\/div><\/div><\/section>\t\t\t\t\t\t\t\t<\/div>\n\t\t\t\t<\/div>\n\t\t\t\t<div class=\"elementor-element elementor-element-62e2a91 elementor-widget elementor-widget-html\" data-id=\"62e2a91\" data-element_type=\"widget\" data-e-type=\"widget\" data-widget_type=\"html.default\">\n\t\t\t\t<div class=\"elementor-widget-container\">\n\t\t\t\t\t<script id=\"CookieDeclaration\" src=\"https:\/\/consent.cookiebot.com\/a9f25c30-e24f-4447-ac84-c44d0b029a9e\/cd.js\" type=\"text\/javascript\" async><\/script>\t\t\t\t<\/div>\n\t\t\t\t<\/div>\n\t\t\t\t\t<\/div>\n\t\t\t\t<\/div>\n\t\t<div class=\"elementor-element elementor-element-4eed544 e-flex e-con-boxed e-con e-parent\" data-id=\"4eed544\" data-element_type=\"container\" data-e-type=\"container\">\n\t\t\t\t\t<div class=\"e-con-inner\">\n\t\t\t\t<div class=\"elementor-element elementor-element-61fd99e elementor-widget elementor-widget-text-editor\" data-id=\"61fd99e\" data-element_type=\"widget\" data-e-type=\"widget\" data-widget_type=\"text-editor.default\">\n\t\t\t\t<div class=\"elementor-widget-container\">\n\t\t\t\t\t\t\t\t\t<section class=\"elementor-section elementor-top-section elementor-element elementor-element-d84f624 elementor-section-boxed elementor-section-height-default elementor-section-height-default\" data-id=\"d84f624\" data-element_type=\"section\"><div class=\"elementor-container elementor-column-gap-default\"><div class=\"elementor-column elementor-col-100 elementor-top-column elementor-element elementor-element-76d7e138\" data-id=\"76d7e138\" data-element_type=\"column\"><div class=\"elementor-widget-wrap elementor-element-populated\"><div class=\"elementor-element elementor-element-64f6227a elementor-widget elementor-widget-heading\" data-id=\"64f6227a\" data-element_type=\"widget\" data-widget_type=\"heading.default\"><div class=\"elementor-widget-container\"><h4 class=\"elementor-heading-title elementor-size-default\">Los derechos que tiene sobre sus datos<\/h4><\/div><\/div><\/div><\/div><\/div><\/section><section class=\"elementor-section elementor-top-section elementor-element elementor-element-5ea541f0 elementor-section-boxed elementor-section-height-default elementor-section-height-default\" data-id=\"5ea541f0\" data-element_type=\"section\"><div class=\"elementor-container elementor-column-gap-default\"><div class=\"elementor-column elementor-col-100 elementor-top-column elementor-element elementor-element-20dd5569\" data-id=\"20dd5569\" data-element_type=\"column\"><div class=\"elementor-widget-wrap elementor-element-populated\"><div class=\"elementor-element elementor-element-41c2bb85 elementor-widget elementor-widget-text-editor\" data-id=\"41c2bb85\" data-element_type=\"widget\" data-widget_type=\"text-editor.default\"><div class=\"elementor-widget-container\"><p>Si ha dejado comentarios en este sitio web, puede solicitar recibir un archivo de exportaci\u00f3n con los datos personales almacenados sobre usted, incluidos los datos personales que haya especificado. Tambi\u00e9n puede solicitar que se eliminen los datos guardados. Esto no incluye los datos personales que deban conservarse con fines administrativos, legales o de seguridad.<\/p><p><span lang=\"EN-US\">Si tiene alguna pregunta sobre nuestra pol\u00edtica de privacidad o desea cambiar, actualizar o eliminar cualquier dato personal, env\u00ede un correo electr\u00f3nico a\u00a0<a href=\"mailto:info@ocean-tickets.com\">info@ocean-tickets.com<\/a><\/span><span lang=\"EN-US\">.<\/span><\/p><\/div><\/div><div class=\"elementor-element elementor-element-435209d5 elementor-widget elementor-widget-spacer\" data-id=\"435209d5\" data-element_type=\"widget\" data-widget_type=\"spacer.default\"><div class=\"elementor-widget-container\"><div class=\"elementor-spacer\"><div class=\"elementor-spacer-inner\">\u00a0<\/div><\/div><\/div><\/div><\/div><\/div><\/div><\/section><section class=\"elementor-section elementor-top-section elementor-element elementor-element-d3c64bf elementor-section-boxed elementor-section-height-default elementor-section-height-default\" data-id=\"d3c64bf\" data-element_type=\"section\"><div class=\"elementor-container elementor-column-gap-default\"><div class=\"elementor-column elementor-col-100 elementor-top-column elementor-element elementor-element-3122577\" data-id=\"3122577\" data-element_type=\"column\"><div class=\"elementor-widget-wrap elementor-element-populated\"><div class=\"elementor-element elementor-element-d76b486 elementor-widget elementor-widget-heading\" data-id=\"d76b486\" data-element_type=\"widget\" data-widget_type=\"heading.default\"><div class=\"elementor-widget-container\"><h4 class=\"elementor-heading-title elementor-size-default\">Condiciones generales<\/h4><\/div><\/div><\/div><\/div><\/div><\/section><section class=\"elementor-section elementor-top-section elementor-element elementor-element-d2b5242 elementor-section-boxed elementor-section-height-default elementor-section-height-default\" data-id=\"d2b5242\" data-element_type=\"section\"><div class=\"elementor-container elementor-column-gap-default\"><div class=\"elementor-column elementor-col-100 elementor-top-column elementor-element elementor-element-f11898b\" data-id=\"f11898b\" data-element_type=\"column\"><div class=\"elementor-widget-wrap elementor-element-populated\"><div class=\"elementor-element elementor-element-845fa54 elementor-widget elementor-widget-text-editor\" data-id=\"845fa54\" data-element_type=\"widget\" data-widget_type=\"text-editor.default\"><div class=\"elementor-widget-container\"><section class=\"elementor-section elementor-top-section elementor-element elementor-element-77d1718 elementor-section-boxed elementor-section-height-default elementor-section-height-default\" data-id=\"77d1718\" data-element_type=\"section\"><div class=\"elementor-container elementor-column-gap-default\"><div class=\"elementor-column elementor-col-100 elementor-top-column elementor-element elementor-element-5596835\" data-id=\"5596835\" data-element_type=\"column\"><div class=\"elementor-widget-wrap elementor-element-populated\"><div class=\"elementor-element elementor-element-7c361a3 elementor-widget elementor-widget-text-editor\" data-id=\"7c361a3\" data-element_type=\"widget\" data-widget_type=\"text-editor.default\"><div class=\"elementor-widget-container\"><p>Si tiene alguna pregunta sobre las condiciones generales relativas al uso de este sitio web, consulte nuestro\u00a0<a href=\"https:\/\/ocean-tickets.com\/es\/clausula-de-exencion-de-responsabilidad-y-condiciones-generales\/\">Cl\u00e1usula de exenci\u00f3n de responsabilidad y Condiciones generales<\/a>\u00a0p\u00e1gina.<\/p><\/div><\/div><\/div><\/div><\/div><\/section><\/div><\/div><\/div><\/div><\/div><\/section>\t\t\t\t\t\t\t\t<\/div>\n\t\t\t\t<\/div>\n\t\t\t\t\t<\/div>\n\t\t\t\t<\/div>\n\t\t\t\t<\/div>","protected":false},"excerpt":{"rendered":"<p>Privacy &amp; Cookies Policy Your privacy is important. It is the Privacy &amp; Cookies Policy of the www.ocean-tickets.com website to respect your privacy in relation to any information that may be collected on the website. Personal information is requested only when it is really necessary to provide you with a [&hellip;]<\/p>\n","protected":false},"author":1,"featured_media":0,"parent":0,"menu_order":0,"comment_status":"closed","ping_status":"closed","template":"page-templates\/template-pagebuilder-full-width.php","meta":{"footnotes":""},"class_list":["post-1712","page","type-page","status-publish","hentry"],"yoast_head":"<!-- This site is optimized with the Yoast SEO plugin v27.2 - https:\/\/yoast.com\/product\/yoast-seo-wordpress\/ -->\n<title>Privacy &amp; Cookies Policy - Ocean Tickets<\/title>\n<meta name=\"robots\" content=\"index, follow, max-snippet:-1, max-image-preview:large, max-video-preview:-1\" \/>\n<link rel=\"canonical\" href=\"https:\/\/ocean-tickets.com\/es\/politica-de-privacidad-y-cookies\/\" \/>\n<meta property=\"og:locale\" content=\"es_ES\" \/>\n<meta property=\"og:type\" content=\"article\" \/>\n<meta property=\"og:title\" content=\"Privacy &amp; Cookies Policy - Ocean Tickets\" \/>\n<meta property=\"og:description\" content=\"Privacy &amp; Cookies Policy Your privacy is important. It is the Privacy &amp; Cookies Policy of the www.ocean-tickets.com website to respect your privacy in relation to any information that may be collected on the website. Personal information is requested only when it is really necessary to provide you with a [&hellip;]\" \/>\n<meta property=\"og:url\" content=\"https:\/\/ocean-tickets.com\/es\/politica-de-privacidad-y-cookies\/\" \/>\n<meta property=\"og:site_name\" content=\"Ocean Tickets\" \/>\n<meta property=\"article:modified_time\" content=\"2025-12-30T16:32:47+00:00\" \/>\n<meta name=\"twitter:card\" content=\"summary_large_image\" \/>\n<meta name=\"twitter:label1\" content=\"Tiempo de lectura\" \/>\n\t<meta name=\"twitter:data1\" content=\"2 minutos\" \/>\n<script type=\"application\/ld+json\" class=\"yoast-schema-graph\">{\"@context\":\"https:\/\/schema.org\",\"@graph\":[{\"@type\":\"WebPage\",\"@id\":\"https:\/\/ocean-tickets.com\/privacy-and-cookies-policy\/\",\"url\":\"https:\/\/ocean-tickets.com\/privacy-and-cookies-policy\/\",\"name\":\"Privacy &amp; Cookies Policy - Ocean Tickets\",\"isPartOf\":{\"@id\":\"https:\/\/ocean-tickets.com\/#website\"},\"datePublished\":\"2025-06-12T16:52:10+00:00\",\"dateModified\":\"2025-12-30T16:32:47+00:00\",\"breadcrumb\":{\"@id\":\"https:\/\/ocean-tickets.com\/privacy-and-cookies-policy\/#breadcrumb\"},\"inLanguage\":\"es\",\"potentialAction\":[{\"@type\":\"ReadAction\",\"target\":[\"https:\/\/ocean-tickets.com\/privacy-and-cookies-policy\/\"]}]},{\"@type\":\"BreadcrumbList\",\"@id\":\"https:\/\/ocean-tickets.com\/privacy-and-cookies-policy\/#breadcrumb\",\"itemListElement\":[{\"@type\":\"ListItem\",\"position\":1,\"name\":\"Home\",\"item\":\"https:\/\/ocean-tickets.com\/\"},{\"@type\":\"ListItem\",\"position\":2,\"name\":\"Privacy &amp; Cookies Policy\"}]},{\"@type\":\"WebSite\",\"@id\":\"https:\/\/ocean-tickets.com\/#website\",\"url\":\"https:\/\/ocean-tickets.com\/\",\"name\":\"Ocean Tickets\",\"description\":\"\",\"publisher\":{\"@id\":\"https:\/\/ocean-tickets.com\/#organization\"},\"potentialAction\":[{\"@type\":\"SearchAction\",\"target\":{\"@type\":\"EntryPoint\",\"urlTemplate\":\"https:\/\/ocean-tickets.com\/?s={search_term_string}\"},\"query-input\":{\"@type\":\"PropertyValueSpecification\",\"valueRequired\":true,\"valueName\":\"search_term_string\"}}],\"inLanguage\":\"es\"},{\"@type\":\"Organization\",\"@id\":\"https:\/\/ocean-tickets.com\/#organization\",\"name\":\"Ocean Tickets\",\"url\":\"https:\/\/ocean-tickets.com\/\",\"logo\":{\"@type\":\"ImageObject\",\"inLanguage\":\"es\",\"@id\":\"https:\/\/ocean-tickets.com\/#\/schema\/logo\/image\/\",\"url\":\"https:\/\/ocean-tickets.com\/wp-content\/uploads\/2025\/05\/cropped-Ocean-Tickets-Logo-1.png\",\"contentUrl\":\"https:\/\/ocean-tickets.com\/wp-content\/uploads\/2025\/05\/cropped-Ocean-Tickets-Logo-1.png\",\"width\":500,\"height\":175,\"caption\":\"Ocean Tickets\"},\"image\":{\"@id\":\"https:\/\/ocean-tickets.com\/#\/schema\/logo\/image\/\"}}]}<\/script>\n<!-- \/ Yoast SEO plugin. -->","yoast_head_json":{"title":"Pol\u00edtica de privacidad y cookies - Ocean Tickets","robots":{"index":"index","follow":"follow","max-snippet":"max-snippet:-1","max-image-preview":"max-image-preview:large","max-video-preview":"max-video-preview:-1"},"canonical":"https:\/\/ocean-tickets.com\/es\/politica-de-privacidad-y-cookies\/","og_locale":"es_ES","og_type":"article","og_title":"Privacy &amp; Cookies Policy - Ocean Tickets","og_description":"Privacy &amp; Cookies Policy Your privacy is important. It is the Privacy &amp; Cookies Policy of the www.ocean-tickets.com website to respect your privacy in relation to any information that may be collected on the website. Personal information is requested only when it is really necessary to provide you with a [&hellip;]","og_url":"https:\/\/ocean-tickets.com\/es\/politica-de-privacidad-y-cookies\/","og_site_name":"Ocean Tickets","article_modified_time":"2025-12-30T16:32:47+00:00","twitter_card":"summary_large_image","twitter_misc":{"Tiempo de lectura":"2 minutos"},"schema":{"@context":"https:\/\/schema.org","@graph":[{"@type":"WebPage","@id":"https:\/\/ocean-tickets.com\/privacy-and-cookies-policy\/","url":"https:\/\/ocean-tickets.com\/privacy-and-cookies-policy\/","name":"Pol\u00edtica de privacidad y cookies - Ocean Tickets","isPartOf":{"@id":"https:\/\/ocean-tickets.com\/#website"},"datePublished":"2025-06-12T16:52:10+00:00","dateModified":"2025-12-30T16:32:47+00:00","breadcrumb":{"@id":"https:\/\/ocean-tickets.com\/privacy-and-cookies-policy\/#breadcrumb"},"inLanguage":"es","potentialAction":[{"@type":"ReadAction","target":["https:\/\/ocean-tickets.com\/privacy-and-cookies-policy\/"]}]},{"@type":"BreadcrumbList","@id":"https:\/\/ocean-tickets.com\/privacy-and-cookies-policy\/#breadcrumb","itemListElement":[{"@type":"ListItem","position":1,"name":"Home","item":"https:\/\/ocean-tickets.com\/"},{"@type":"ListItem","position":2,"name":"Privacy &amp; Cookies Policy"}]},{"@type":"WebSite","@id":"https:\/\/ocean-tickets.com\/#website","url":"https:\/\/ocean-tickets.com\/","name":"Entradas Ocean","description":"","publisher":{"@id":"https:\/\/ocean-tickets.com\/#organization"},"potentialAction":[{"@type":"SearchAction","target":{"@type":"EntryPoint","urlTemplate":"https:\/\/ocean-tickets.com\/?s={search_term_string}"},"query-input":{"@type":"PropertyValueSpecification","valueRequired":true,"valueName":"search_term_string"}}],"inLanguage":"es"},{"@type":"Organization","@id":"https:\/\/ocean-tickets.com\/#organization","name":"Entradas Ocean","url":"https:\/\/ocean-tickets.com\/","logo":{"@type":"ImageObject","inLanguage":"es","@id":"https:\/\/ocean-tickets.com\/#\/schema\/logo\/image\/","url":"https:\/\/ocean-tickets.com\/wp-content\/uploads\/2025\/05\/cropped-Ocean-Tickets-Logo-1.png","contentUrl":"https:\/\/ocean-tickets.com\/wp-content\/uploads\/2025\/05\/cropped-Ocean-Tickets-Logo-1.png","width":500,"height":175,"caption":"Ocean Tickets"},"image":{"@id":"https:\/\/ocean-tickets.com\/#\/schema\/logo\/image\/"}}]}},"_links":{"self":[{"href":"https:\/\/ocean-tickets.com\/es\/wp-json\/wp\/v2\/pages\/1712","targetHints":{"allow":["GET"]}}],"collection":[{"href":"https:\/\/ocean-tickets.com\/es\/wp-json\/wp\/v2\/pages"}],"about":[{"href":"https:\/\/ocean-tickets.com\/es\/wp-json\/wp\/v2\/types\/page"}],"author":[{"embeddable":true,"href":"https:\/\/ocean-tickets.com\/es\/wp-json\/wp\/v2\/users\/1"}],"replies":[{"embeddable":true,"href":"https:\/\/ocean-tickets.com\/es\/wp-json\/wp\/v2\/comments?post=1712"}],"version-history":[{"count":0,"href":"https:\/\/ocean-tickets.com\/es\/wp-json\/wp\/v2\/pages\/1712\/revisions"}],"wp:attachment":[{"href":"https:\/\/ocean-tickets.com\/es\/wp-json\/wp\/v2\/media?parent=1712"}],"curies":[{"name":"wp","href":"https:\/\/api.w.org\/{rel}","templated":true}]}}