{"id":1712,"date":"2025-06-12T16:52:10","date_gmt":"2025-06-12T16:52:10","guid":{"rendered":"https:\/\/ocean-tickets.com\/?page_id=1712"},"modified":"2025-12-30T16:32:47","modified_gmt":"2025-12-30T16:32:47","slug":"politique-en-matiere-de-protection-de-la-vie-privee-et-de-cookies","status":"publish","type":"page","link":"https:\/\/ocean-tickets.com\/fr\/privacy-and-cookies-policy\/","title":{"rendered":"Politique en mati\u00e8re de confidentialit\u00e9 et de cookies"},"content":{"rendered":"<div data-elementor-type=\"wp-page\" data-elementor-id=\"1712\" class=\"elementor elementor-1712\">\n\t\t\t\t<div class=\"elementor-element elementor-element-9a5ec27 e-flex e-con-boxed e-con e-parent\" data-id=\"9a5ec27\" data-element_type=\"container\" data-e-type=\"container\">\n\t\t\t\t\t<div class=\"e-con-inner\">\n\t\t\t\t<div class=\"elementor-element elementor-element-1e5b493 elementor-widget elementor-widget-heading\" data-id=\"1e5b493\" data-element_type=\"widget\" data-e-type=\"widget\" data-widget_type=\"heading.default\">\n\t\t\t\t<div class=\"elementor-widget-container\">\n\t\t\t\t\t<h2 class=\"elementor-heading-title elementor-size-default\">Politique en mati\u00e8re de confidentialit\u00e9 et de cookies<\/h2>\t\t\t\t<\/div>\n\t\t\t\t<\/div>\n\t\t\t\t<div class=\"elementor-element elementor-element-7757879 elementor-widget elementor-widget-text-editor\" data-id=\"7757879\" data-element_type=\"widget\" data-e-type=\"widget\" data-widget_type=\"text-editor.default\">\n\t\t\t\t<div class=\"elementor-widget-container\">\n\t\t\t\t\t\t\t\t\t<section class=\"elementor-section elementor-top-section elementor-element elementor-element-50f7ab09 elementor-section-boxed elementor-section-height-default elementor-section-height-default\" data-id=\"50f7ab09\" data-element_type=\"section\"><div class=\"elementor-container elementor-column-gap-default\"><div class=\"elementor-column elementor-col-100 elementor-top-column elementor-element elementor-element-233eec8\" data-id=\"233eec8\" data-element_type=\"column\"><div class=\"elementor-widget-wrap elementor-element-populated\"><div class=\"elementor-element elementor-element-7a3e7525 elementor-widget elementor-widget-text-editor\" data-id=\"7a3e7525\" data-element_type=\"widget\" data-widget_type=\"text-editor.default\"><div class=\"elementor-widget-container\"><div><p class=\"has-text-align-justify\">Votre vie priv\u00e9e est importante. La politique du site www.ocean-tickets.com en mati\u00e8re de confidentialit\u00e9 et de cookies consiste \u00e0 respecter votre vie priv\u00e9e en ce qui concerne les informations qui peuvent \u00eatre collect\u00e9es sur le site.<\/p><\/div><div><p class=\"has-text-align-justify\">Les informations personnelles ne sont demand\u00e9es que lorsqu'elles sont r\u00e9ellement n\u00e9cessaires pour vous fournir un service. Cette demande est faite par des moyens justes et l\u00e9gaux, avec votre connaissance et votre consentement. Nous vous expliquons \u00e9galement pourquoi ces informations sont collect\u00e9es et comment elles seront utilis\u00e9es.<\/p><\/div><div><p class=\"has-text-align-justify\">Les informations collect\u00e9es ne sont conserv\u00e9es que le temps n\u00e9cessaire \u00e0 la fourniture du service demand\u00e9. Lorsque les donn\u00e9es sont stock\u00e9es, elles sont prot\u00e9g\u00e9es par des moyens commercialement acceptables pour \u00e9viter la perte et le vol, ainsi que l'acc\u00e8s, la divulgation, la copie, l'utilisation ou la modification non autoris\u00e9s.<\/p><\/div><div><p class=\"has-text-align-justify\">Les informations personnelles identifiables ne sont pas partag\u00e9es publiquement ou avec des tiers, sauf si la loi l'exige.<\/p><\/div><div><p class=\"has-text-align-justify\">Ce site web peut contenir des liens vers des sites web externes qui ne sont pas exploit\u00e9s par nous. Veuillez noter que le site www.ocean-tickets.com n'a aucun contr\u00f4le sur le contenu et les pratiques de ces sites web et ne peut \u00eatre tenu responsable de leurs politiques respectives en mati\u00e8re de protection de la vie priv\u00e9e.<\/p><\/div><div><p class=\"has-text-align-justify\">L'utilisateur est libre de refuser de fournir les informations personnelles demand\u00e9es, sachant que certains des services souhait\u00e9s pourraient ne pas \u00eatre fournis.<\/p><\/div><div><p class=\"has-text-align-justify\">La poursuite de l'utilisation de ce site web sera consid\u00e9r\u00e9e comme une acceptation des pratiques relatives \u00e0 la vie priv\u00e9e et aux informations personnelles. Si vous avez des questions sur la mani\u00e8re dont les donn\u00e9es des utilisateurs et les informations personnelles sont g\u00e9r\u00e9es, ou sur notre politique de confidentialit\u00e9 en g\u00e9n\u00e9ral, veuillez vous adresser \u00e0<span class=\"apple-converted-space\">\u00a0<\/span>contactez-nous sur\u00a0<a href=\"mailto:info@ocean-tickets.com\">info@ocean-tickets.com<\/a>.<\/p><\/div><\/div><\/div><div class=\"elementor-element elementor-element-19d96164 elementor-widget elementor-widget-spacer\" data-id=\"19d96164\" data-element_type=\"widget\" data-widget_type=\"spacer.default\"><div class=\"elementor-widget-container\"><div class=\"elementor-spacer\"><div class=\"elementor-spacer-inner\">\u00a0<\/div><\/div><\/div><\/div><\/div><\/div><\/div><\/section><section class=\"elementor-section elementor-top-section elementor-element elementor-element-5de300a5 elementor-section-boxed elementor-section-height-default elementor-section-height-default\" data-id=\"5de300a5\" data-element_type=\"section\"><div class=\"elementor-container elementor-column-gap-default\"><div class=\"elementor-column elementor-col-100 elementor-top-column elementor-element elementor-element-5b4f3e09\" data-id=\"5b4f3e09\" data-element_type=\"column\"><div class=\"elementor-widget-wrap elementor-element-populated\"><div class=\"elementor-element elementor-element-73a9f8b3 elementor-widget elementor-widget-heading\" data-id=\"73a9f8b3\" data-element_type=\"widget\" data-widget_type=\"heading.default\"><div class=\"elementor-widget-container\"><h3 class=\"elementor-heading-title elementor-size-default\">Quelles sont les donn\u00e9es personnelles collect\u00e9es et pourquoi ?<\/h3><\/div><\/div><\/div><\/div><\/div><\/section><section class=\"elementor-section elementor-top-section elementor-element elementor-element-5c942a2b elementor-section-boxed elementor-section-height-default elementor-section-height-default\" data-id=\"5c942a2b\" data-element_type=\"section\"><div class=\"elementor-container elementor-column-gap-default\"><div class=\"elementor-column elementor-col-100 elementor-top-column elementor-element elementor-element-2a940393\" data-id=\"2a940393\" data-element_type=\"column\"><div class=\"elementor-widget-wrap elementor-element-populated\"><div class=\"elementor-element elementor-element-2a014129 elementor-widget elementor-widget-text-editor\" data-id=\"2a014129\" data-element_type=\"widget\" data-widget_type=\"text-editor.default\"><div class=\"elementor-widget-container\"><p>Les donn\u00e9es \u00e0 caract\u00e8re personnel ne sont pas cr\u00e9\u00e9es uniquement par l'interaction des utilisateurs avec le site web. Les donn\u00e9es personnelles sont cr\u00e9\u00e9es par des proc\u00e9d\u00e9s techniques tels que les formulaires de contact, les commentaires, les cookies, les donn\u00e9es analytiques et l'incorporation de tiers.<\/p><\/div><\/div><\/div><\/div><\/div><\/section>\t\t\t\t\t\t\t\t<\/div>\n\t\t\t\t<\/div>\n\t\t\t\t\t<\/div>\n\t\t\t\t<\/div>\n\t\t<div class=\"elementor-element elementor-element-bace529 e-flex e-con-boxed e-con e-parent\" data-id=\"bace529\" data-element_type=\"container\" data-e-type=\"container\">\n\t\t\t\t\t<div class=\"e-con-inner\">\n\t\t\t\t<div class=\"elementor-element elementor-element-3e9724e elementor-widget elementor-widget-text-editor\" data-id=\"3e9724e\" data-element_type=\"widget\" data-e-type=\"widget\" data-widget_type=\"text-editor.default\">\n\t\t\t\t<div class=\"elementor-widget-container\">\n\t\t\t\t\t\t\t\t\t<section class=\"elementor-section elementor-top-section elementor-element elementor-element-5de300a5 elementor-section-boxed elementor-section-height-default elementor-section-height-default\" data-id=\"5de300a5\" data-element_type=\"section\"><div class=\"elementor-container elementor-column-gap-default\"><div class=\"elementor-column elementor-col-100 elementor-top-column elementor-element elementor-element-5b4f3e09\" data-id=\"5b4f3e09\" data-element_type=\"column\"><div class=\"elementor-widget-wrap elementor-element-populated\"><div class=\"elementor-element elementor-element-73a9f8b3 elementor-widget elementor-widget-heading\" data-id=\"73a9f8b3\" data-element_type=\"widget\" data-widget_type=\"heading.default\"><div class=\"elementor-widget-container\"><h3 class=\"elementor-heading-title elementor-size-default\">Politique en mati\u00e8re de cookies<\/h3><\/div><\/div><\/div><\/div><\/div><\/section>\t\t\t\t\t\t\t\t<\/div>\n\t\t\t\t<\/div>\n\t\t\t\t<div class=\"elementor-element elementor-element-62e2a91 elementor-widget elementor-widget-html\" data-id=\"62e2a91\" data-element_type=\"widget\" data-e-type=\"widget\" data-widget_type=\"html.default\">\n\t\t\t\t<div class=\"elementor-widget-container\">\n\t\t\t\t\t<script id=\"CookieDeclaration\" src=\"https:\/\/consent.cookiebot.com\/a9f25c30-e24f-4447-ac84-c44d0b029a9e\/cd.js\" type=\"text\/javascript\" async><\/script>\t\t\t\t<\/div>\n\t\t\t\t<\/div>\n\t\t\t\t\t<\/div>\n\t\t\t\t<\/div>\n\t\t<div class=\"elementor-element elementor-element-4eed544 e-flex e-con-boxed e-con e-parent\" data-id=\"4eed544\" data-element_type=\"container\" data-e-type=\"container\">\n\t\t\t\t\t<div class=\"e-con-inner\">\n\t\t\t\t<div class=\"elementor-element elementor-element-61fd99e elementor-widget elementor-widget-text-editor\" data-id=\"61fd99e\" data-element_type=\"widget\" data-e-type=\"widget\" data-widget_type=\"text-editor.default\">\n\t\t\t\t<div class=\"elementor-widget-container\">\n\t\t\t\t\t\t\t\t\t<section class=\"elementor-section elementor-top-section elementor-element elementor-element-d84f624 elementor-section-boxed elementor-section-height-default elementor-section-height-default\" data-id=\"d84f624\" data-element_type=\"section\"><div class=\"elementor-container elementor-column-gap-default\"><div class=\"elementor-column elementor-col-100 elementor-top-column elementor-element elementor-element-76d7e138\" data-id=\"76d7e138\" data-element_type=\"column\"><div class=\"elementor-widget-wrap elementor-element-populated\"><div class=\"elementor-element elementor-element-64f6227a elementor-widget elementor-widget-heading\" data-id=\"64f6227a\" data-element_type=\"widget\" data-widget_type=\"heading.default\"><div class=\"elementor-widget-container\"><h4 class=\"elementor-heading-title elementor-size-default\">Les droits que vous avez sur vos donn\u00e9es<\/h4><\/div><\/div><\/div><\/div><\/div><\/section><section class=\"elementor-section elementor-top-section elementor-element elementor-element-5ea541f0 elementor-section-boxed elementor-section-height-default elementor-section-height-default\" data-id=\"5ea541f0\" data-element_type=\"section\"><div class=\"elementor-container elementor-column-gap-default\"><div class=\"elementor-column elementor-col-100 elementor-top-column elementor-element elementor-element-20dd5569\" data-id=\"20dd5569\" data-element_type=\"column\"><div class=\"elementor-widget-wrap elementor-element-populated\"><div class=\"elementor-element elementor-element-41c2bb85 elementor-widget elementor-widget-text-editor\" data-id=\"41c2bb85\" data-element_type=\"widget\" data-widget_type=\"text-editor.default\"><div class=\"elementor-widget-container\"><p>Si vous avez laiss\u00e9 des commentaires sur ce site web, vous pouvez demander \u00e0 recevoir un fichier d'exportation contenant les donn\u00e9es personnelles enregistr\u00e9es \u00e0 votre sujet, y compris les donn\u00e9es personnelles que vous avez sp\u00e9cifi\u00e9es. Vous pouvez \u00e9galement demander que les donn\u00e9es enregistr\u00e9es soient supprim\u00e9es. Les donn\u00e9es personnelles dont la conservation est n\u00e9cessaire \u00e0 des fins administratives, juridiques ou de s\u00e9curit\u00e9 ne sont pas concern\u00e9es.<\/p><p><span lang=\"EN-US\">Si vous avez des questions sur notre politique de confidentialit\u00e9 ou si vous souhaitez modifier, mettre \u00e0 jour ou supprimer des informations personnelles, envoyez un courriel \u00e0 l'adresse suivante\u00a0<a href=\"mailto:info@ocean-tickets.com\">info@ocean-tickets.com<\/a><\/span><span lang=\"EN-US\">.<\/span><\/p><\/div><\/div><div class=\"elementor-element elementor-element-435209d5 elementor-widget elementor-widget-spacer\" data-id=\"435209d5\" data-element_type=\"widget\" data-widget_type=\"spacer.default\"><div class=\"elementor-widget-container\"><div class=\"elementor-spacer\"><div class=\"elementor-spacer-inner\">\u00a0<\/div><\/div><\/div><\/div><\/div><\/div><\/div><\/section><section class=\"elementor-section elementor-top-section elementor-element elementor-element-d3c64bf elementor-section-boxed elementor-section-height-default elementor-section-height-default\" data-id=\"d3c64bf\" data-element_type=\"section\"><div class=\"elementor-container elementor-column-gap-default\"><div class=\"elementor-column elementor-col-100 elementor-top-column elementor-element elementor-element-3122577\" data-id=\"3122577\" data-element_type=\"column\"><div class=\"elementor-widget-wrap elementor-element-populated\"><div class=\"elementor-element elementor-element-d76b486 elementor-widget elementor-widget-heading\" data-id=\"d76b486\" data-element_type=\"widget\" data-widget_type=\"heading.default\"><div class=\"elementor-widget-container\"><h4 class=\"elementor-heading-title elementor-size-default\">Conditions g\u00e9n\u00e9rales d'utilisation<\/h4><\/div><\/div><\/div><\/div><\/div><\/section><section class=\"elementor-section elementor-top-section elementor-element elementor-element-d2b5242 elementor-section-boxed elementor-section-height-default elementor-section-height-default\" data-id=\"d2b5242\" data-element_type=\"section\"><div class=\"elementor-container elementor-column-gap-default\"><div class=\"elementor-column elementor-col-100 elementor-top-column elementor-element elementor-element-f11898b\" data-id=\"f11898b\" data-element_type=\"column\"><div class=\"elementor-widget-wrap elementor-element-populated\"><div class=\"elementor-element elementor-element-845fa54 elementor-widget elementor-widget-text-editor\" data-id=\"845fa54\" data-element_type=\"widget\" data-widget_type=\"text-editor.default\"><div class=\"elementor-widget-container\"><section class=\"elementor-section elementor-top-section elementor-element elementor-element-77d1718 elementor-section-boxed elementor-section-height-default elementor-section-height-default\" data-id=\"77d1718\" data-element_type=\"section\"><div class=\"elementor-container elementor-column-gap-default\"><div class=\"elementor-column elementor-col-100 elementor-top-column elementor-element elementor-element-5596835\" data-id=\"5596835\" data-element_type=\"column\"><div class=\"elementor-widget-wrap elementor-element-populated\"><div class=\"elementor-element elementor-element-7c361a3 elementor-widget elementor-widget-text-editor\" data-id=\"7c361a3\" data-element_type=\"widget\" data-widget_type=\"text-editor.default\"><div class=\"elementor-widget-container\"><p>Si vous avez des questions concernant les conditions g\u00e9n\u00e9rales d'utilisation de ce site web, consultez notre site web.\u00a0<a href=\"https:\/\/ocean-tickets.com\/fr\/clause-de-non-responsabilite-et-conditions-generales\/\">Clause de non-responsabilit\u00e9 et conditions g\u00e9n\u00e9rales<\/a>\u00a0page.<\/p><\/div><\/div><\/div><\/div><\/div><\/section><\/div><\/div><\/div><\/div><\/div><\/section>\t\t\t\t\t\t\t\t<\/div>\n\t\t\t\t<\/div>\n\t\t\t\t\t<\/div>\n\t\t\t\t<\/div>\n\t\t\t\t<\/div>","protected":false},"excerpt":{"rendered":"<p>Privacy &amp; Cookies Policy Your privacy is important. It is the Privacy &amp; Cookies Policy of the www.ocean-tickets.com website to respect your privacy in relation to any information that may be collected on the website. Personal information is requested only when it is really necessary to provide you with a [&hellip;]<\/p>\n","protected":false},"author":1,"featured_media":0,"parent":0,"menu_order":0,"comment_status":"closed","ping_status":"closed","template":"page-templates\/template-pagebuilder-full-width.php","meta":{"footnotes":""},"class_list":["post-1712","page","type-page","status-publish","hentry"],"yoast_head":"<!-- This site is optimized with the Yoast SEO plugin v27.2 - https:\/\/yoast.com\/product\/yoast-seo-wordpress\/ -->\n<title>Privacy &amp; Cookies Policy - Ocean Tickets<\/title>\n<meta name=\"robots\" content=\"index, follow, max-snippet:-1, max-image-preview:large, max-video-preview:-1\" \/>\n<link rel=\"canonical\" href=\"https:\/\/ocean-tickets.com\/fr\/politique-en-matiere-de-protection-de-la-vie-privee-et-de-cookies\/\" \/>\n<meta property=\"og:locale\" content=\"fr_FR\" \/>\n<meta property=\"og:type\" content=\"article\" \/>\n<meta property=\"og:title\" content=\"Privacy &amp; Cookies Policy - Ocean Tickets\" \/>\n<meta property=\"og:description\" content=\"Privacy &amp; Cookies Policy Your privacy is important. It is the Privacy &amp; Cookies Policy of the www.ocean-tickets.com website to respect your privacy in relation to any information that may be collected on the website. Personal information is requested only when it is really necessary to provide you with a [&hellip;]\" \/>\n<meta property=\"og:url\" content=\"https:\/\/ocean-tickets.com\/fr\/politique-en-matiere-de-protection-de-la-vie-privee-et-de-cookies\/\" \/>\n<meta property=\"og:site_name\" content=\"Ocean Tickets\" \/>\n<meta property=\"article:modified_time\" content=\"2025-12-30T16:32:47+00:00\" \/>\n<meta name=\"twitter:card\" content=\"summary_large_image\" \/>\n<meta name=\"twitter:label1\" content=\"Dur\u00e9e de lecture estim\u00e9e\" \/>\n\t<meta name=\"twitter:data1\" content=\"2 minutes\" \/>\n<script type=\"application\/ld+json\" class=\"yoast-schema-graph\">{\"@context\":\"https:\/\/schema.org\",\"@graph\":[{\"@type\":\"WebPage\",\"@id\":\"https:\/\/ocean-tickets.com\/privacy-and-cookies-policy\/\",\"url\":\"https:\/\/ocean-tickets.com\/privacy-and-cookies-policy\/\",\"name\":\"Privacy &amp; Cookies Policy - Ocean Tickets\",\"isPartOf\":{\"@id\":\"https:\/\/ocean-tickets.com\/#website\"},\"datePublished\":\"2025-06-12T16:52:10+00:00\",\"dateModified\":\"2025-12-30T16:32:47+00:00\",\"breadcrumb\":{\"@id\":\"https:\/\/ocean-tickets.com\/privacy-and-cookies-policy\/#breadcrumb\"},\"inLanguage\":\"fr-FR\",\"potentialAction\":[{\"@type\":\"ReadAction\",\"target\":[\"https:\/\/ocean-tickets.com\/privacy-and-cookies-policy\/\"]}]},{\"@type\":\"BreadcrumbList\",\"@id\":\"https:\/\/ocean-tickets.com\/privacy-and-cookies-policy\/#breadcrumb\",\"itemListElement\":[{\"@type\":\"ListItem\",\"position\":1,\"name\":\"Home\",\"item\":\"https:\/\/ocean-tickets.com\/\"},{\"@type\":\"ListItem\",\"position\":2,\"name\":\"Privacy &amp; Cookies Policy\"}]},{\"@type\":\"WebSite\",\"@id\":\"https:\/\/ocean-tickets.com\/#website\",\"url\":\"https:\/\/ocean-tickets.com\/\",\"name\":\"Ocean Tickets\",\"description\":\"\",\"publisher\":{\"@id\":\"https:\/\/ocean-tickets.com\/#organization\"},\"potentialAction\":[{\"@type\":\"SearchAction\",\"target\":{\"@type\":\"EntryPoint\",\"urlTemplate\":\"https:\/\/ocean-tickets.com\/?s={search_term_string}\"},\"query-input\":{\"@type\":\"PropertyValueSpecification\",\"valueRequired\":true,\"valueName\":\"search_term_string\"}}],\"inLanguage\":\"fr-FR\"},{\"@type\":\"Organization\",\"@id\":\"https:\/\/ocean-tickets.com\/#organization\",\"name\":\"Ocean Tickets\",\"url\":\"https:\/\/ocean-tickets.com\/\",\"logo\":{\"@type\":\"ImageObject\",\"inLanguage\":\"fr-FR\",\"@id\":\"https:\/\/ocean-tickets.com\/#\/schema\/logo\/image\/\",\"url\":\"https:\/\/ocean-tickets.com\/wp-content\/uploads\/2025\/05\/cropped-Ocean-Tickets-Logo-1.png\",\"contentUrl\":\"https:\/\/ocean-tickets.com\/wp-content\/uploads\/2025\/05\/cropped-Ocean-Tickets-Logo-1.png\",\"width\":500,\"height\":175,\"caption\":\"Ocean Tickets\"},\"image\":{\"@id\":\"https:\/\/ocean-tickets.com\/#\/schema\/logo\/image\/\"}}]}<\/script>\n<!-- \/ Yoast SEO plugin. -->","yoast_head_json":{"title":"Politique de confidentialit\u00e9 et de cookies - Ocean Tickets","robots":{"index":"index","follow":"follow","max-snippet":"max-snippet:-1","max-image-preview":"max-image-preview:large","max-video-preview":"max-video-preview:-1"},"canonical":"https:\/\/ocean-tickets.com\/fr\/politique-en-matiere-de-protection-de-la-vie-privee-et-de-cookies\/","og_locale":"fr_FR","og_type":"article","og_title":"Privacy &amp; Cookies Policy - Ocean Tickets","og_description":"Privacy &amp; Cookies Policy Your privacy is important. It is the Privacy &amp; Cookies Policy of the www.ocean-tickets.com website to respect your privacy in relation to any information that may be collected on the website. Personal information is requested only when it is really necessary to provide you with a [&hellip;]","og_url":"https:\/\/ocean-tickets.com\/fr\/politique-en-matiere-de-protection-de-la-vie-privee-et-de-cookies\/","og_site_name":"Ocean Tickets","article_modified_time":"2025-12-30T16:32:47+00:00","twitter_card":"summary_large_image","twitter_misc":{"Dur\u00e9e de lecture estim\u00e9e":"2 minutes"},"schema":{"@context":"https:\/\/schema.org","@graph":[{"@type":"WebPage","@id":"https:\/\/ocean-tickets.com\/privacy-and-cookies-policy\/","url":"https:\/\/ocean-tickets.com\/privacy-and-cookies-policy\/","name":"Politique de confidentialit\u00e9 et de cookies - Ocean Tickets","isPartOf":{"@id":"https:\/\/ocean-tickets.com\/#website"},"datePublished":"2025-06-12T16:52:10+00:00","dateModified":"2025-12-30T16:32:47+00:00","breadcrumb":{"@id":"https:\/\/ocean-tickets.com\/privacy-and-cookies-policy\/#breadcrumb"},"inLanguage":"fr-FR","potentialAction":[{"@type":"ReadAction","target":["https:\/\/ocean-tickets.com\/privacy-and-cookies-policy\/"]}]},{"@type":"BreadcrumbList","@id":"https:\/\/ocean-tickets.com\/privacy-and-cookies-policy\/#breadcrumb","itemListElement":[{"@type":"ListItem","position":1,"name":"Home","item":"https:\/\/ocean-tickets.com\/"},{"@type":"ListItem","position":2,"name":"Privacy &amp; Cookies Policy"}]},{"@type":"WebSite","@id":"https:\/\/ocean-tickets.com\/#website","url":"https:\/\/ocean-tickets.com\/","name":"Billets pour l'oc\u00e9an","description":"","publisher":{"@id":"https:\/\/ocean-tickets.com\/#organization"},"potentialAction":[{"@type":"SearchAction","target":{"@type":"EntryPoint","urlTemplate":"https:\/\/ocean-tickets.com\/?s={search_term_string}"},"query-input":{"@type":"PropertyValueSpecification","valueRequired":true,"valueName":"search_term_string"}}],"inLanguage":"fr-FR"},{"@type":"Organization","@id":"https:\/\/ocean-tickets.com\/#organization","name":"Billets pour l'oc\u00e9an","url":"https:\/\/ocean-tickets.com\/","logo":{"@type":"ImageObject","inLanguage":"fr-FR","@id":"https:\/\/ocean-tickets.com\/#\/schema\/logo\/image\/","url":"https:\/\/ocean-tickets.com\/wp-content\/uploads\/2025\/05\/cropped-Ocean-Tickets-Logo-1.png","contentUrl":"https:\/\/ocean-tickets.com\/wp-content\/uploads\/2025\/05\/cropped-Ocean-Tickets-Logo-1.png","width":500,"height":175,"caption":"Ocean Tickets"},"image":{"@id":"https:\/\/ocean-tickets.com\/#\/schema\/logo\/image\/"}}]}},"_links":{"self":[{"href":"https:\/\/ocean-tickets.com\/fr\/wp-json\/wp\/v2\/pages\/1712","targetHints":{"allow":["GET"]}}],"collection":[{"href":"https:\/\/ocean-tickets.com\/fr\/wp-json\/wp\/v2\/pages"}],"about":[{"href":"https:\/\/ocean-tickets.com\/fr\/wp-json\/wp\/v2\/types\/page"}],"author":[{"embeddable":true,"href":"https:\/\/ocean-tickets.com\/fr\/wp-json\/wp\/v2\/users\/1"}],"replies":[{"embeddable":true,"href":"https:\/\/ocean-tickets.com\/fr\/wp-json\/wp\/v2\/comments?post=1712"}],"version-history":[{"count":0,"href":"https:\/\/ocean-tickets.com\/fr\/wp-json\/wp\/v2\/pages\/1712\/revisions"}],"wp:attachment":[{"href":"https:\/\/ocean-tickets.com\/fr\/wp-json\/wp\/v2\/media?parent=1712"}],"curies":[{"name":"wp","href":"https:\/\/api.w.org\/{rel}","templated":true}]}}