{"id":1712,"date":"2025-06-12T16:52:10","date_gmt":"2025-06-12T16:52:10","guid":{"rendered":"https:\/\/ocean-tickets.com\/?page_id=1712"},"modified":"2025-12-30T16:32:47","modified_gmt":"2025-12-30T16:32:47","slug":"politica-de-privacidade-e-cookies","status":"publish","type":"page","link":"https:\/\/ocean-tickets.com\/pt\/privacy-and-cookies-policy\/","title":{"rendered":"Pol\u00edtica de privacidade e de cookies"},"content":{"rendered":"<div data-elementor-type=\"wp-page\" data-elementor-id=\"1712\" class=\"elementor elementor-1712\">\n\t\t\t\t<div class=\"elementor-element elementor-element-9a5ec27 e-flex e-con-boxed e-con e-parent\" data-id=\"9a5ec27\" data-element_type=\"container\" data-e-type=\"container\">\n\t\t\t\t\t<div class=\"e-con-inner\">\n\t\t\t\t<div class=\"elementor-element elementor-element-1e5b493 elementor-widget elementor-widget-heading\" data-id=\"1e5b493\" data-element_type=\"widget\" data-e-type=\"widget\" data-widget_type=\"heading.default\">\n\t\t\t\t<div class=\"elementor-widget-container\">\n\t\t\t\t\t<h2 class=\"elementor-heading-title elementor-size-default\">Pol\u00edtica de privacidade e de cookies<\/h2>\t\t\t\t<\/div>\n\t\t\t\t<\/div>\n\t\t\t\t<div class=\"elementor-element elementor-element-7757879 elementor-widget elementor-widget-text-editor\" data-id=\"7757879\" data-element_type=\"widget\" data-e-type=\"widget\" data-widget_type=\"text-editor.default\">\n\t\t\t\t<div class=\"elementor-widget-container\">\n\t\t\t\t\t\t\t\t\t<section class=\"elementor-section elementor-top-section elementor-element elementor-element-50f7ab09 elementor-section-boxed elementor-section-height-default elementor-section-height-default\" data-id=\"50f7ab09\" data-element_type=\"section\"><div class=\"elementor-container elementor-column-gap-default\"><div class=\"elementor-column elementor-col-100 elementor-top-column elementor-element elementor-element-233eec8\" data-id=\"233eec8\" data-element_type=\"column\"><div class=\"elementor-widget-wrap elementor-element-populated\"><div class=\"elementor-element elementor-element-7a3e7525 elementor-widget elementor-widget-text-editor\" data-id=\"7a3e7525\" data-element_type=\"widget\" data-widget_type=\"text-editor.default\"><div class=\"elementor-widget-container\"><div><p class=\"has-text-align-justify\">A sua privacidade \u00e9 importante. \u00c9 pol\u00edtica de privacidade e de cookies do s\u00edtio Web www.ocean-tickets.com respeitar a sua privacidade em rela\u00e7\u00e3o a qualquer informa\u00e7\u00e3o que possa ser recolhida no s\u00edtio Web.<\/p><\/div><div><p class=\"has-text-align-justify\">As informa\u00e7\u00f5es pessoais s\u00f3 s\u00e3o solicitadas quando s\u00e3o realmente necess\u00e1rias para lhe prestar um servi\u00e7o. Este pedido \u00e9 efectuado atrav\u00e9s de meios justos e legais, com o seu conhecimento e consentimento. Tamb\u00e9m o informamos da raz\u00e3o pela qual essas informa\u00e7\u00f5es s\u00e3o recolhidas e da forma como ser\u00e3o utilizadas.<\/p><\/div><div><p class=\"has-text-align-justify\">As informa\u00e7\u00f5es recolhidas s\u00e3o conservadas apenas durante o tempo necess\u00e1rio para prestar o servi\u00e7o solicitado. Quando os dados s\u00e3o armazenados, s\u00e3o protegidos utilizando meios comercialmente aceit\u00e1veis para evitar perdas e roubos, bem como o acesso n\u00e3o autorizado, a divulga\u00e7\u00e3o, a c\u00f3pia, a utiliza\u00e7\u00e3o ou a modifica\u00e7\u00e3o.<\/p><\/div><div><p class=\"has-text-align-justify\">As informa\u00e7\u00f5es de identifica\u00e7\u00e3o pessoal n\u00e3o s\u00e3o partilhadas publicamente ou com terceiros, exceto quando exigido por lei.<\/p><\/div><div><p class=\"has-text-align-justify\">Este s\u00edtio Web pode conter liga\u00e7\u00f5es a s\u00edtios Web externos que n\u00e3o s\u00e3o geridos por n\u00f3s. Tenha em aten\u00e7\u00e3o que o s\u00edtio Web www.ocean-tickets.com n\u00e3o tem qualquer controlo sobre o conte\u00fado e as pr\u00e1ticas desses s\u00edtios Web e n\u00e3o pode aceitar a responsabilidade pelas respectivas pol\u00edticas de privacidade.<\/p><\/div><div><p class=\"has-text-align-justify\">O utilizador \u00e9 livre de recusar fornecer as informa\u00e7\u00f5es pessoais solicitadas, compreendendo que alguns dos servi\u00e7os pretendidos poder\u00e3o n\u00e3o ser fornecidos.<\/p><\/div><div><p class=\"has-text-align-justify\">A utiliza\u00e7\u00e3o continuada deste s\u00edtio Web ser\u00e1 considerada como uma aceita\u00e7\u00e3o das pr\u00e1ticas relativas \u00e0 privacidade e \u00e0s informa\u00e7\u00f5es pessoais. Se tiver alguma d\u00favida sobre a forma como os dados do utilizador e as informa\u00e7\u00f5es pessoais s\u00e3o geridos, ou sobre a nossa pol\u00edtica de privacidade em geral, por favor<span class=\"apple-converted-space\">\u00a0<\/span>contacte-nos em\u00a0<a href=\"mailto:info@ocean-tickets.com\">info@ocean-tickets.com<\/a>.<\/p><\/div><\/div><\/div><div class=\"elementor-element elementor-element-19d96164 elementor-widget elementor-widget-spacer\" data-id=\"19d96164\" data-element_type=\"widget\" data-widget_type=\"spacer.default\"><div class=\"elementor-widget-container\"><div class=\"elementor-spacer\"><div class=\"elementor-spacer-inner\">\u00a0<\/div><\/div><\/div><\/div><\/div><\/div><\/div><\/section><section class=\"elementor-section elementor-top-section elementor-element elementor-element-5de300a5 elementor-section-boxed elementor-section-height-default elementor-section-height-default\" data-id=\"5de300a5\" data-element_type=\"section\"><div class=\"elementor-container elementor-column-gap-default\"><div class=\"elementor-column elementor-col-100 elementor-top-column elementor-element elementor-element-5b4f3e09\" data-id=\"5b4f3e09\" data-element_type=\"column\"><div class=\"elementor-widget-wrap elementor-element-populated\"><div class=\"elementor-element elementor-element-73a9f8b3 elementor-widget elementor-widget-heading\" data-id=\"73a9f8b3\" data-element_type=\"widget\" data-widget_type=\"heading.default\"><div class=\"elementor-widget-container\"><h3 class=\"elementor-heading-title elementor-size-default\">Que dados pessoais s\u00e3o recolhidos e porqu\u00ea<\/h3><\/div><\/div><\/div><\/div><\/div><\/section><section class=\"elementor-section elementor-top-section elementor-element elementor-element-5c942a2b elementor-section-boxed elementor-section-height-default elementor-section-height-default\" data-id=\"5c942a2b\" data-element_type=\"section\"><div class=\"elementor-container elementor-column-gap-default\"><div class=\"elementor-column elementor-col-100 elementor-top-column elementor-element elementor-element-2a940393\" data-id=\"2a940393\" data-element_type=\"column\"><div class=\"elementor-widget-wrap elementor-element-populated\"><div class=\"elementor-element elementor-element-2a014129 elementor-widget elementor-widget-text-editor\" data-id=\"2a014129\" data-element_type=\"widget\" data-widget_type=\"text-editor.default\"><div class=\"elementor-widget-container\"><p>Os dados pessoais n\u00e3o s\u00e3o criados apenas pela intera\u00e7\u00e3o dos utilizadores com o s\u00edtio Web. Os dados pessoais s\u00e3o criados atrav\u00e9s de processos t\u00e9cnicos, tais como formul\u00e1rios de contacto, coment\u00e1rios, cookies, dados anal\u00edticos e a incorpora\u00e7\u00e3o de terceiros.<\/p><\/div><\/div><\/div><\/div><\/div><\/section>\t\t\t\t\t\t\t\t<\/div>\n\t\t\t\t<\/div>\n\t\t\t\t\t<\/div>\n\t\t\t\t<\/div>\n\t\t<div class=\"elementor-element elementor-element-bace529 e-flex e-con-boxed e-con e-parent\" data-id=\"bace529\" data-element_type=\"container\" data-e-type=\"container\">\n\t\t\t\t\t<div class=\"e-con-inner\">\n\t\t\t\t<div class=\"elementor-element elementor-element-3e9724e elementor-widget elementor-widget-text-editor\" data-id=\"3e9724e\" data-element_type=\"widget\" data-e-type=\"widget\" data-widget_type=\"text-editor.default\">\n\t\t\t\t<div class=\"elementor-widget-container\">\n\t\t\t\t\t\t\t\t\t<section class=\"elementor-section elementor-top-section elementor-element elementor-element-5de300a5 elementor-section-boxed elementor-section-height-default elementor-section-height-default\" data-id=\"5de300a5\" data-element_type=\"section\"><div class=\"elementor-container elementor-column-gap-default\"><div class=\"elementor-column elementor-col-100 elementor-top-column elementor-element elementor-element-5b4f3e09\" data-id=\"5b4f3e09\" data-element_type=\"column\"><div class=\"elementor-widget-wrap elementor-element-populated\"><div class=\"elementor-element elementor-element-73a9f8b3 elementor-widget elementor-widget-heading\" data-id=\"73a9f8b3\" data-element_type=\"widget\" data-widget_type=\"heading.default\"><div class=\"elementor-widget-container\"><h3 class=\"elementor-heading-title elementor-size-default\">Pol\u00edtica de cookies<\/h3><\/div><\/div><\/div><\/div><\/div><\/section>\t\t\t\t\t\t\t\t<\/div>\n\t\t\t\t<\/div>\n\t\t\t\t<div class=\"elementor-element elementor-element-62e2a91 elementor-widget elementor-widget-html\" data-id=\"62e2a91\" data-element_type=\"widget\" data-e-type=\"widget\" data-widget_type=\"html.default\">\n\t\t\t\t<div class=\"elementor-widget-container\">\n\t\t\t\t\t<script id=\"CookieDeclaration\" src=\"https:\/\/consent.cookiebot.com\/a9f25c30-e24f-4447-ac84-c44d0b029a9e\/cd.js\" type=\"text\/javascript\" async><\/script>\t\t\t\t<\/div>\n\t\t\t\t<\/div>\n\t\t\t\t\t<\/div>\n\t\t\t\t<\/div>\n\t\t<div class=\"elementor-element elementor-element-4eed544 e-flex e-con-boxed e-con e-parent\" data-id=\"4eed544\" data-element_type=\"container\" data-e-type=\"container\">\n\t\t\t\t\t<div class=\"e-con-inner\">\n\t\t\t\t<div class=\"elementor-element elementor-element-61fd99e elementor-widget elementor-widget-text-editor\" data-id=\"61fd99e\" data-element_type=\"widget\" data-e-type=\"widget\" data-widget_type=\"text-editor.default\">\n\t\t\t\t<div class=\"elementor-widget-container\">\n\t\t\t\t\t\t\t\t\t<section class=\"elementor-section elementor-top-section elementor-element elementor-element-d84f624 elementor-section-boxed elementor-section-height-default elementor-section-height-default\" data-id=\"d84f624\" data-element_type=\"section\"><div class=\"elementor-container elementor-column-gap-default\"><div class=\"elementor-column elementor-col-100 elementor-top-column elementor-element elementor-element-76d7e138\" data-id=\"76d7e138\" data-element_type=\"column\"><div class=\"elementor-widget-wrap elementor-element-populated\"><div class=\"elementor-element elementor-element-64f6227a elementor-widget elementor-widget-heading\" data-id=\"64f6227a\" data-element_type=\"widget\" data-widget_type=\"heading.default\"><div class=\"elementor-widget-container\"><h4 class=\"elementor-heading-title elementor-size-default\">Os direitos que o utilizador tem sobre os seus dados<\/h4><\/div><\/div><\/div><\/div><\/div><\/section><section class=\"elementor-section elementor-top-section elementor-element elementor-element-5ea541f0 elementor-section-boxed elementor-section-height-default elementor-section-height-default\" data-id=\"5ea541f0\" data-element_type=\"section\"><div class=\"elementor-container elementor-column-gap-default\"><div class=\"elementor-column elementor-col-100 elementor-top-column elementor-element elementor-element-20dd5569\" data-id=\"20dd5569\" data-element_type=\"column\"><div class=\"elementor-widget-wrap elementor-element-populated\"><div class=\"elementor-element elementor-element-41c2bb85 elementor-widget elementor-widget-text-editor\" data-id=\"41c2bb85\" data-element_type=\"widget\" data-widget_type=\"text-editor.default\"><div class=\"elementor-widget-container\"><p>Se tiver deixado coment\u00e1rios neste s\u00edtio Web, pode pedir para receber um ficheiro de exporta\u00e7\u00e3o com os dados pessoais armazenados sobre si, incluindo quaisquer dados pessoais que tenha especificado. Tamb\u00e9m pode solicitar que os dados guardados sejam eliminados. Isto n\u00e3o inclui quaisquer dados pessoais que tenham de ser mantidos para fins administrativos, legais ou de seguran\u00e7a.<\/p><p><span lang=\"EN-US\">Se tiver alguma d\u00favida sobre a nossa pol\u00edtica de privacidade ou se pretender alterar, atualizar ou remover quaisquer informa\u00e7\u00f5es pessoais, envie uma mensagem de correio eletr\u00f3nico para\u00a0<a href=\"mailto:info@ocean-tickets.com\">info@ocean-tickets.com<\/a><\/span><span lang=\"EN-US\">.<\/span><\/p><\/div><\/div><div class=\"elementor-element elementor-element-435209d5 elementor-widget elementor-widget-spacer\" data-id=\"435209d5\" data-element_type=\"widget\" data-widget_type=\"spacer.default\"><div class=\"elementor-widget-container\"><div class=\"elementor-spacer\"><div class=\"elementor-spacer-inner\">\u00a0<\/div><\/div><\/div><\/div><\/div><\/div><\/div><\/section><section class=\"elementor-section elementor-top-section elementor-element elementor-element-d3c64bf elementor-section-boxed elementor-section-height-default elementor-section-height-default\" data-id=\"d3c64bf\" data-element_type=\"section\"><div class=\"elementor-container elementor-column-gap-default\"><div class=\"elementor-column elementor-col-100 elementor-top-column elementor-element elementor-element-3122577\" data-id=\"3122577\" data-element_type=\"column\"><div class=\"elementor-widget-wrap elementor-element-populated\"><div class=\"elementor-element elementor-element-d76b486 elementor-widget elementor-widget-heading\" data-id=\"d76b486\" data-element_type=\"widget\" data-widget_type=\"heading.default\"><div class=\"elementor-widget-container\"><h4 class=\"elementor-heading-title elementor-size-default\">Termos e condi\u00e7\u00f5es<\/h4><\/div><\/div><\/div><\/div><\/div><\/section><section class=\"elementor-section elementor-top-section elementor-element elementor-element-d2b5242 elementor-section-boxed elementor-section-height-default elementor-section-height-default\" data-id=\"d2b5242\" data-element_type=\"section\"><div class=\"elementor-container elementor-column-gap-default\"><div class=\"elementor-column elementor-col-100 elementor-top-column elementor-element elementor-element-f11898b\" data-id=\"f11898b\" data-element_type=\"column\"><div class=\"elementor-widget-wrap elementor-element-populated\"><div class=\"elementor-element elementor-element-845fa54 elementor-widget elementor-widget-text-editor\" data-id=\"845fa54\" data-element_type=\"widget\" data-widget_type=\"text-editor.default\"><div class=\"elementor-widget-container\"><section class=\"elementor-section elementor-top-section elementor-element elementor-element-77d1718 elementor-section-boxed elementor-section-height-default elementor-section-height-default\" data-id=\"77d1718\" data-element_type=\"section\"><div class=\"elementor-container elementor-column-gap-default\"><div class=\"elementor-column elementor-col-100 elementor-top-column elementor-element elementor-element-5596835\" data-id=\"5596835\" data-element_type=\"column\"><div class=\"elementor-widget-wrap elementor-element-populated\"><div class=\"elementor-element elementor-element-7c361a3 elementor-widget elementor-widget-text-editor\" data-id=\"7c361a3\" data-element_type=\"widget\" data-widget_type=\"text-editor.default\"><div class=\"elementor-widget-container\"><p>Se tiver alguma d\u00favida sobre as condi\u00e7\u00f5es gerais de utiliza\u00e7\u00e3o deste s\u00edtio Web, consulte o nosso\u00a0<a href=\"https:\/\/ocean-tickets.com\/pt\/isencao-de-responsabilidade-e-termos-e-condicoes\/\">Declara\u00e7\u00e3o de exonera\u00e7\u00e3o de responsabilidade e termos e condi\u00e7\u00f5es<\/a>\u00a0p\u00e1gina.<\/p><\/div><\/div><\/div><\/div><\/div><\/section><\/div><\/div><\/div><\/div><\/div><\/section>\t\t\t\t\t\t\t\t<\/div>\n\t\t\t\t<\/div>\n\t\t\t\t\t<\/div>\n\t\t\t\t<\/div>\n\t\t\t\t<\/div>","protected":false},"excerpt":{"rendered":"<p>Privacy &amp; Cookies Policy Your privacy is important. It is the Privacy &amp; Cookies Policy of the www.ocean-tickets.com website to respect your privacy in relation to any information that may be collected on the website. Personal information is requested only when it is really necessary to provide you with a [&hellip;]<\/p>\n","protected":false},"author":1,"featured_media":0,"parent":0,"menu_order":0,"comment_status":"closed","ping_status":"closed","template":"page-templates\/template-pagebuilder-full-width.php","meta":{"footnotes":""},"class_list":["post-1712","page","type-page","status-publish","hentry"],"yoast_head":"<!-- This site is optimized with the Yoast SEO plugin v27.3 - https:\/\/yoast.com\/product\/yoast-seo-wordpress\/ -->\n<title>Privacy &amp; Cookies Policy - Ocean Tickets<\/title>\n<meta name=\"robots\" content=\"index, follow, max-snippet:-1, max-image-preview:large, max-video-preview:-1\" \/>\n<link rel=\"canonical\" href=\"https:\/\/ocean-tickets.com\/pt\/politica-de-privacidade-e-cookies\/\" \/>\n<meta property=\"og:locale\" content=\"pt_PT\" \/>\n<meta property=\"og:type\" content=\"article\" \/>\n<meta property=\"og:title\" content=\"Privacy &amp; Cookies Policy - Ocean Tickets\" \/>\n<meta property=\"og:description\" content=\"Privacy &amp; Cookies Policy Your privacy is important. It is the Privacy &amp; Cookies Policy of the www.ocean-tickets.com website to respect your privacy in relation to any information that may be collected on the website. Personal information is requested only when it is really necessary to provide you with a [&hellip;]\" \/>\n<meta property=\"og:url\" content=\"https:\/\/ocean-tickets.com\/pt\/politica-de-privacidade-e-cookies\/\" \/>\n<meta property=\"og:site_name\" content=\"Ocean Tickets\" \/>\n<meta property=\"article:modified_time\" content=\"2025-12-30T16:32:47+00:00\" \/>\n<meta name=\"twitter:card\" content=\"summary_large_image\" \/>\n<meta name=\"twitter:label1\" content=\"Tempo estimado de leitura\" \/>\n\t<meta name=\"twitter:data1\" content=\"2 minutos\" \/>\n<script type=\"application\/ld+json\" class=\"yoast-schema-graph\">{\"@context\":\"https:\\\/\\\/schema.org\",\"@graph\":[{\"@type\":\"WebPage\",\"@id\":\"https:\\\/\\\/ocean-tickets.com\\\/privacy-and-cookies-policy\\\/\",\"url\":\"https:\\\/\\\/ocean-tickets.com\\\/privacy-and-cookies-policy\\\/\",\"name\":\"Privacy &amp; Cookies Policy - Ocean Tickets\",\"isPartOf\":{\"@id\":\"https:\\\/\\\/ocean-tickets.com\\\/#website\"},\"datePublished\":\"2025-06-12T16:52:10+00:00\",\"dateModified\":\"2025-12-30T16:32:47+00:00\",\"breadcrumb\":{\"@id\":\"https:\\\/\\\/ocean-tickets.com\\\/privacy-and-cookies-policy\\\/#breadcrumb\"},\"inLanguage\":\"pt-PT\",\"potentialAction\":[{\"@type\":\"ReadAction\",\"target\":[\"https:\\\/\\\/ocean-tickets.com\\\/privacy-and-cookies-policy\\\/\"]}]},{\"@type\":\"BreadcrumbList\",\"@id\":\"https:\\\/\\\/ocean-tickets.com\\\/privacy-and-cookies-policy\\\/#breadcrumb\",\"itemListElement\":[{\"@type\":\"ListItem\",\"position\":1,\"name\":\"Home\",\"item\":\"https:\\\/\\\/ocean-tickets.com\\\/\"},{\"@type\":\"ListItem\",\"position\":2,\"name\":\"Privacy &amp; Cookies Policy\"}]},{\"@type\":\"WebSite\",\"@id\":\"https:\\\/\\\/ocean-tickets.com\\\/#website\",\"url\":\"https:\\\/\\\/ocean-tickets.com\\\/\",\"name\":\"Ocean Tickets\",\"description\":\"\",\"publisher\":{\"@id\":\"https:\\\/\\\/ocean-tickets.com\\\/#organization\"},\"potentialAction\":[{\"@type\":\"SearchAction\",\"target\":{\"@type\":\"EntryPoint\",\"urlTemplate\":\"https:\\\/\\\/ocean-tickets.com\\\/?s={search_term_string}\"},\"query-input\":{\"@type\":\"PropertyValueSpecification\",\"valueRequired\":true,\"valueName\":\"search_term_string\"}}],\"inLanguage\":\"pt-PT\"},{\"@type\":\"Organization\",\"@id\":\"https:\\\/\\\/ocean-tickets.com\\\/#organization\",\"name\":\"Ocean Tickets\",\"url\":\"https:\\\/\\\/ocean-tickets.com\\\/\",\"logo\":{\"@type\":\"ImageObject\",\"inLanguage\":\"pt-PT\",\"@id\":\"https:\\\/\\\/ocean-tickets.com\\\/#\\\/schema\\\/logo\\\/image\\\/\",\"url\":\"https:\\\/\\\/ocean-tickets.com\\\/wp-content\\\/uploads\\\/2025\\\/05\\\/cropped-Ocean-Tickets-Logo-1.png\",\"contentUrl\":\"https:\\\/\\\/ocean-tickets.com\\\/wp-content\\\/uploads\\\/2025\\\/05\\\/cropped-Ocean-Tickets-Logo-1.png\",\"width\":500,\"height\":175,\"caption\":\"Ocean Tickets\"},\"image\":{\"@id\":\"https:\\\/\\\/ocean-tickets.com\\\/#\\\/schema\\\/logo\\\/image\\\/\"}}]}<\/script>\n<!-- \/ Yoast SEO plugin. -->","yoast_head_json":{"title":"Pol\u00edtica de privacidade e de cookies - Ocean Tickets","robots":{"index":"index","follow":"follow","max-snippet":"max-snippet:-1","max-image-preview":"max-image-preview:large","max-video-preview":"max-video-preview:-1"},"canonical":"https:\/\/ocean-tickets.com\/pt\/politica-de-privacidade-e-cookies\/","og_locale":"pt_PT","og_type":"article","og_title":"Privacy &amp; Cookies Policy - Ocean Tickets","og_description":"Privacy &amp; Cookies Policy Your privacy is important. It is the Privacy &amp; Cookies Policy of the www.ocean-tickets.com website to respect your privacy in relation to any information that may be collected on the website. Personal information is requested only when it is really necessary to provide you with a [&hellip;]","og_url":"https:\/\/ocean-tickets.com\/pt\/politica-de-privacidade-e-cookies\/","og_site_name":"Ocean Tickets","article_modified_time":"2025-12-30T16:32:47+00:00","twitter_card":"summary_large_image","twitter_misc":{"Tempo estimado de leitura":"2 minutos"},"schema":{"@context":"https:\/\/schema.org","@graph":[{"@type":"WebPage","@id":"https:\/\/ocean-tickets.com\/privacy-and-cookies-policy\/","url":"https:\/\/ocean-tickets.com\/privacy-and-cookies-policy\/","name":"Pol\u00edtica de privacidade e de cookies - Ocean Tickets","isPartOf":{"@id":"https:\/\/ocean-tickets.com\/#website"},"datePublished":"2025-06-12T16:52:10+00:00","dateModified":"2025-12-30T16:32:47+00:00","breadcrumb":{"@id":"https:\/\/ocean-tickets.com\/privacy-and-cookies-policy\/#breadcrumb"},"inLanguage":"pt-PT","potentialAction":[{"@type":"ReadAction","target":["https:\/\/ocean-tickets.com\/privacy-and-cookies-policy\/"]}]},{"@type":"BreadcrumbList","@id":"https:\/\/ocean-tickets.com\/privacy-and-cookies-policy\/#breadcrumb","itemListElement":[{"@type":"ListItem","position":1,"name":"Home","item":"https:\/\/ocean-tickets.com\/"},{"@type":"ListItem","position":2,"name":"Privacy &amp; Cookies Policy"}]},{"@type":"WebSite","@id":"https:\/\/ocean-tickets.com\/#website","url":"https:\/\/ocean-tickets.com\/","name":"Bilhetes para o oceano","description":"","publisher":{"@id":"https:\/\/ocean-tickets.com\/#organization"},"potentialAction":[{"@type":"SearchAction","target":{"@type":"EntryPoint","urlTemplate":"https:\/\/ocean-tickets.com\/?s={search_term_string}"},"query-input":{"@type":"PropertyValueSpecification","valueRequired":true,"valueName":"search_term_string"}}],"inLanguage":"pt-PT"},{"@type":"Organization","@id":"https:\/\/ocean-tickets.com\/#organization","name":"Bilhetes para o oceano","url":"https:\/\/ocean-tickets.com\/","logo":{"@type":"ImageObject","inLanguage":"pt-PT","@id":"https:\/\/ocean-tickets.com\/#\/schema\/logo\/image\/","url":"https:\/\/ocean-tickets.com\/wp-content\/uploads\/2025\/05\/cropped-Ocean-Tickets-Logo-1.png","contentUrl":"https:\/\/ocean-tickets.com\/wp-content\/uploads\/2025\/05\/cropped-Ocean-Tickets-Logo-1.png","width":500,"height":175,"caption":"Ocean Tickets"},"image":{"@id":"https:\/\/ocean-tickets.com\/#\/schema\/logo\/image\/"}}]}},"_links":{"self":[{"href":"https:\/\/ocean-tickets.com\/pt\/wp-json\/wp\/v2\/pages\/1712","targetHints":{"allow":["GET"]}}],"collection":[{"href":"https:\/\/ocean-tickets.com\/pt\/wp-json\/wp\/v2\/pages"}],"about":[{"href":"https:\/\/ocean-tickets.com\/pt\/wp-json\/wp\/v2\/types\/page"}],"author":[{"embeddable":true,"href":"https:\/\/ocean-tickets.com\/pt\/wp-json\/wp\/v2\/users\/1"}],"replies":[{"embeddable":true,"href":"https:\/\/ocean-tickets.com\/pt\/wp-json\/wp\/v2\/comments?post=1712"}],"version-history":[{"count":0,"href":"https:\/\/ocean-tickets.com\/pt\/wp-json\/wp\/v2\/pages\/1712\/revisions"}],"wp:attachment":[{"href":"https:\/\/ocean-tickets.com\/pt\/wp-json\/wp\/v2\/media?parent=1712"}],"curies":[{"name":"wp","href":"https:\/\/api.w.org\/{rel}","templated":true}]}}